{"id":235,"date":"2016-10-22T20:12:03","date_gmt":"2016-10-22T18:12:03","guid":{"rendered":"https:\/\/nb-design.at\/?page_id=235"},"modified":"2025-01-18T17:19:23","modified_gmt":"2025-01-18T16:19:23","slug":"haeufig-gestellte-fragen","status":"publish","type":"page","link":"https:\/\/nb-design.at\/en\/haeufig-gestellte-fragen\/","title":{"rendered":"Frequently Asked Questions"},"content":{"rendered":"<section class=\"wpb-content-wrapper\">\n[vc_row css=&#8221;.vc_custom_1491438142038{padding-top: 150px !important;}&#8221;][vc_column css=&#8221;.vc_custom_1491387014754{padding-top: 20px !important;padding-bottom: 20px !important;}&#8221;]\n\t<!-- Element: OT Heading --> \t \n\t<h1 class=\"ot_custom_heading  \" style=\"\" >H\u00e4ufig gestellte Fragen<\/h1>\t\n[\/vc_column][\/vc_row][vc_row css=&#8221;.vc_custom_1491386803399{padding-top: 10px !important;}&#8221;][vc_column width=&#8221;1\/2&#8243; offset=&#8221;vc_col-lg-4 vc_col-md-6 vc_col-xs-12&#8243;]\t\t\t\n\t<!-- Element: OT why choose us -->\n\t<div class=\"box-number vc_custom_1479460703278square\">\n        <span class=\"number bg-color wow rotateIn\" data-wow-delay=\"1s\"> <i class=\"fa fa-sitemap\"><\/i><\/span>\n        <div class=\"text\">\n            <h3>\n\t              \n\t\t\t\t\t<span class=\"id-color\">M\u00fcssen die Elemente am Boden fix verankert oder stabilisiert werden?<\/span>\n\t\t\t\t \n\t\t\t<\/h3>\n            <p>Das h\u00e4ngt vom Typ der Gastgartenumrandung, der Gr\u00f6\u00dfe und von den \u00f6rtlichen Bedingungen ab.<\/p>\n<p>Sofern eine Verankerung notwendig ist, erfolgt diese mit hochwertigen Verankerungen aus dem Hilti-Programm. Die Ankerpunkte sind b\u00fcndig mit dem Boden ausgef\u00fchrt und werden nach dem Abbau einer Umrandung mit Schraubstopfen verschlossen, die nicht \u00fcber den Boden herausragen.<\/p>\n<p>Wenn eine solche Verankerung nicht m\u00f6glich ist, kann eine Stabilisierung, falls erforderlich, \u00fcber Gewichte, z.B. Pflanzengef\u00e4\u00dfe, erfolgen.<\/p>\n<p>Wir beraten Sie \u00fcber die notwendigen Ma\u00dfnahmen.<\/p>\n        <\/div>\n    <\/div>\n    \n[vc_empty_space height=&#8221;30px&#8221;]\t\t\t\n\t<!-- Element: OT why choose us -->\n\t<div class=\"box-number vc_custom_1478630530324square\">\n        <span class=\"number bg-color wow rotateIn\" data-wow-delay=\"1s\"> <i class=\"fa fa-truck\"><\/i><\/span>\n        <div class=\"text\">\n            <h3>\n\t              \n\t\t\t\t\t<span class=\"id-color\">Wie lange ist die Lieferzeit? Wohin liefern Sie? Gibt es eine Mindestabnahmemenge?<\/span>\n\t\t\t\t \n\t\t\t<\/h3>\n            <p>Die Lieferzeit betr\u00e4gt je nach Ausf\u00fchrung drei bis f\u00fcnf Wochen ab Werk.<\/p>\n<p>Wir liefern weltweit. Sofern wir die Lieferung nicht selbst durchf\u00fchren, erfolgt der Versand per Spedition, sicher verpackt in Holzkisten.<\/p>\n<p>Es besteht keine Verpflichtung zur Abnahme einer Mindestmenge an Elementen. Kein Projekt ist zu klein und keines zu gro\u00df.<\/p>\n        <\/div>\n    <\/div>\n    \n[\/vc_column][vc_column width=&#8221;1\/2&#8243; offset=&#8221;vc_col-lg-4 vc_col-md-6 vc_col-xs-12&#8243;]\t\t\t\n\t<!-- Element: OT why choose us -->\n\t<div class=\"box-number vc_custom_1675187826008square\">\n        <span class=\"number bg-color wow rotateIn\" data-wow-delay=\"1s\"> <i class=\"\"><\/i><\/span>\n        <div class=\"text\">\n            <h3>\n\t              \n\t\t\t\t\t<span class=\"id-color\">Was kostet eine Gastgarten-umrandung von NB-Design?<\/span>\n\t\t\t\t \n\t\t\t<\/h3>\n            <p>Die Kosten sind abh\u00e4ngig von der Ausf\u00fchrung und Gr\u00f6\u00dfe des Projekts sowie den \u00f6rtlichen Gegebenheiten.<\/p>\n<p>Der Preis setzt sich zusammen aus den Kosten f\u00fcr die Umrandung, der Lieferung und Montage, einer eventuellen Bodenverankerung und den gew\u00e4hlten Zusatzoptionen und Zusatzleistungen.<\/p>\n<p>Durch den gesch\u00e4ftsf\u00f6rdernden Effekt amortisiert sich die Umrandung von NB Design. sehr rasch.<\/p>\n<p>Wir legen Ihnen gerne ein kostenloses Offert f\u00fcr Ihre individuelle Gastgartenumrandung.<\/p>\n        <\/div>\n    <\/div>\n    \n[vc_empty_space height=&#8221;30px&#8221;]\t\t\t\n\t<!-- Element: OT why choose us -->\n\t<div class=\"box-number square\">\n        <span class=\"number bg-color wow rotateIn\" data-wow-delay=\"1s\"> <i class=\"fa fa-plus-square\"><\/i><\/span>\n        <div class=\"text\">\n            <h3>\n\t              \n\t\t\t\t\t<span class=\"id-color\">Welche Zusatzausstattungen bieten Sie an?<\/span>\n\t\t\t\t \n\t\t\t<\/h3>\n            <p>Sollte eine Bodenkonstruktion (Podest) notwendig sein, liefern wir auch diese. Hierbei legen wir gr\u00f6\u00dfte Aufmerksamkeit auf einfache Montage, Demontage und Lagerung.<\/p>\n<p>Die Umrandungselemente k\u00f6nnen mit Ihrem Logo ausgef\u00fchrt und auch beleuchtet werden. Pflanzgef\u00e4\u00dfe liefern wir auf Wunsch bereits fertig bepflanzt. <\/p>\n<p>Wir liefern auf Wunsch auch Abdeckplanen f\u00fcr Ihre Au\u00dfengastronomie, Lagerpaletten, Transportw\u00e4gen, und Werkzeuge.<\/p>\n        <\/div>\n    <\/div>\n    \n[\/vc_column][vc_column width=&#8221;1\/2&#8243; offset=&#8221;vc_col-lg-4 vc_col-md-6 vc_col-xs-12&#8243;]\t\t\t\n\t<!-- Element: OT why choose us -->\n\t<div class=\"box-number vc_custom_1478630619482square\">\n        <span class=\"number bg-color wow rotateIn\" data-wow-delay=\"1s\"> <i class=\"fa fa-calendar\"><\/i><\/span>\n        <div class=\"text\">\n            <h3>\n\t              \n\t\t\t\t\t<span class=\"id-color\">Wie lange dauert die Montage und ist speziell ausgebildetes Personal erforderlich?<\/span>\n\t\t\t\t \n\t\t\t<\/h3>\n            <p>Generell erfolgt die Erstmontage durch uns.<\/p>\n<p>F\u00fcr den eventuellen Ab- und Aufbau einer NB-Design Gastgartenumrandung sind keine Spezialisten notwendig.<\/p>\n<p>Jede Umrandung kann von zwei handwerklich durchschnittlich begabten Personen rasch montiert und demontiert werden.<\/p>\n<p>Der Richtwert f\u00fcr den Ab- und Aufbau einer Umrandung von 10 Elementen betr\u00e4gt je nach Routine 1,5 - 2 Stunden<\/p>\n        <\/div>\n    <\/div>\n    \n[vc_empty_space height=&#8221;30px&#8221;]\t\t\t\n\t<!-- Element: OT why choose us -->\n\t<div class=\"box-number vc_custom_1478630544405square\">\n        <span class=\"number bg-color wow rotateIn\" data-wow-delay=\"1s\"> <i class=\"fa fa-bookmark\"><\/i><\/span>\n        <div class=\"text\">\n            <h3>\n\t              \n\t\t\t\t\t<span class=\"id-color\">Wie kann die Umrandung gelagert werden?<\/span>\n\t\t\t\t \n\t\t\t<\/h3>\n            <p>Die Lagerung einer Gastgartenumrandung von NB Design. erfordert keine speziellen Vorkehrungen.<br \/>\nDurch die geringe Bautiefe erfordert die Lagerung nur wenig Platz.<\/p>\n<p>Sollte Ihr vorhandener Lagerplatz Einfluss auf die Ma\u00dfe der einzelnen Glaselemente haben, bitten wir Sie, uns dies bereits bei Ihrer Anfrage mitzuteilen.<\/p>\n<p>Durch die eingesetzten Materialien Glas und rostfreier Stahl, ist eine Lagerung sogar im Freien m\u00f6glich.<br \/>\nWir empfehlen Ihnen in diesem Fall, die Umrandung mit einer Plane zu bedecken, damit sie vor grober Verschmutzung gesch\u00fctzt ist.<\/p>\n        <\/div>\n    <\/div>\n    \n[\/vc_column][\/vc_row]\n\n<\/section>","protected":false},"excerpt":{"rendered":"<p>[vc_row css=&#8221;.vc_custom_1491438142038{padding-top: 150px !important;}&#8221;][vc_column css=&#8221;.vc_custom_1491387014754{padding-top: 20px !important;padding-bottom: 20px !important;}&#8221;][\/vc_column][\/vc_row][vc_row css=&#8221;.vc_custom_1491386803399{padding-top: 10px !important;}&#8221;][vc_column width=&#8221;1\/2&#8243; offset=&#8221;vc_col-lg-4 vc_col-md-6 vc_col-xs-12&#8243;][vc_empty_space height=&#8221;30px&#8221;][\/vc_column][vc_column width=&#8221;1\/2&#8243; offset=&#8221;vc_col-lg-4 vc_col-md-6 vc_col-xs-12&#8243;][vc_empty_space height=&#8221;30px&#8221;][\/vc_column][vc_column width=&#8221;1\/2&#8243; offset=&#8221;vc_col-lg-4 vc_col-md-6 vc_col-xs-12&#8243;][vc_empty_space height=&#8221;30px&#8221;][\/vc_column][\/vc_row]<\/p>\n","protected":false},"author":5,"featured_media":0,"parent":0,"menu_order":0,"comment_status":"closed","ping_status":"closed","template":"page-templates\/template-canvas.php","meta":{"inline_featured_image":false,"footnotes":""},"class_list":["post-235","page","type-page","status-publish","hentry"],"yoast_head":"<!-- This site is optimized with the Yoast SEO plugin v25.5 - https:\/\/yoast.com\/wordpress\/plugins\/seo\/ -->\n<title>Frequently Asked Questions - NB Design \u2013 Neuwirth + Bahnasy OG<\/title>\n<meta name=\"robots\" content=\"index, follow, max-snippet:-1, max-image-preview:large, max-video-preview:-1\" \/>\n<link rel=\"canonical\" href=\"https:\/\/nb-design.at\/haeufig-gestellte-fragen\/\" \/>\n<meta property=\"og:locale\" content=\"en_US\" \/>\n<meta property=\"og:type\" content=\"article\" \/>\n<meta property=\"og:title\" content=\"Frequently Asked Questions - NB Design \u2013 Neuwirth + Bahnasy OG\" \/>\n<meta property=\"og:description\" content=\"[vc_row css=&#8221;.vc_custom_1491438142038{padding-top: 150px !important;}&#8221;][vc_column css=&#8221;.vc_custom_1491387014754{padding-top: 20px !important;padding-bottom: 20px !important;}&#8221;][\/vc_column][\/vc_row][vc_row css=&#8221;.vc_custom_1491386803399{padding-top: 10px !important;}&#8221;][vc_column width=&#8221;1\/2&#8243; offset=&#8221;vc_col-lg-4 vc_col-md-6 vc_col-xs-12&#8243;][vc_empty_space height=&#8221;30px&#8221;][\/vc_column][vc_column width=&#8221;1\/2&#8243; offset=&#8221;vc_col-lg-4 vc_col-md-6 vc_col-xs-12&#8243;][vc_empty_space height=&#8221;30px&#8221;][\/vc_column][vc_column width=&#8221;1\/2&#8243; offset=&#8221;vc_col-lg-4 vc_col-md-6 vc_col-xs-12&#8243;][vc_empty_space height=&#8221;30px&#8221;][\/vc_column][\/vc_row]\" \/>\n<meta property=\"og:url\" content=\"https:\/\/nb-design.at\/haeufig-gestellte-fragen\/\" \/>\n<meta property=\"og:site_name\" content=\"NB Design \u2013 Neuwirth + Bahnasy OG\" \/>\n<meta property=\"article:modified_time\" content=\"2025-01-18T16:19:23+00:00\" \/>\n<meta name=\"twitter:card\" content=\"summary_large_image\" \/>\n<meta name=\"twitter:label1\" content=\"Est. reading time\" \/>\n\t<meta name=\"twitter:data1\" content=\"3 minutes\" \/>\n<script type=\"application\/ld+json\" class=\"yoast-schema-graph\">{\"@context\":\"https:\/\/schema.org\",\"@graph\":[{\"@type\":\"WebPage\",\"@id\":\"https:\/\/nb-design.at\/haeufig-gestellte-fragen\/\",\"url\":\"https:\/\/nb-design.at\/haeufig-gestellte-fragen\/\",\"name\":\"Frequently Asked Questions - NB Design \u2013 Neuwirth + Bahnasy OG\",\"isPartOf\":{\"@id\":\"https:\/\/nb-design.at\/#website\"},\"datePublished\":\"2016-10-22T18:12:03+00:00\",\"dateModified\":\"2025-01-18T16:19:23+00:00\",\"breadcrumb\":{\"@id\":\"https:\/\/nb-design.at\/haeufig-gestellte-fragen\/#breadcrumb\"},\"inLanguage\":\"en-US\",\"potentialAction\":[{\"@type\":\"ReadAction\",\"target\":[\"https:\/\/nb-design.at\/haeufig-gestellte-fragen\/\"]}]},{\"@type\":\"BreadcrumbList\",\"@id\":\"https:\/\/nb-design.at\/haeufig-gestellte-fragen\/#breadcrumb\",\"itemListElement\":[{\"@type\":\"ListItem\",\"position\":1,\"name\":\"Startseite\",\"item\":\"https:\/\/nb-design.at\/\"},{\"@type\":\"ListItem\",\"position\":2,\"name\":\"H\u00e4ufig gestellte Fragen\"}]},{\"@type\":\"WebSite\",\"@id\":\"https:\/\/nb-design.at\/#website\",\"url\":\"https:\/\/nb-design.at\/\",\"name\":\"NB Design \u2013 Neuwirth + Bahnasy OG\",\"description\":\"Umrandungen f\u00fcr Ihren Gastgarten\",\"publisher\":{\"@id\":\"https:\/\/nb-design.at\/#organization\"},\"potentialAction\":[{\"@type\":\"SearchAction\",\"target\":{\"@type\":\"EntryPoint\",\"urlTemplate\":\"https:\/\/nb-design.at\/?s={search_term_string}\"},\"query-input\":{\"@type\":\"PropertyValueSpecification\",\"valueRequired\":true,\"valueName\":\"search_term_string\"}}],\"inLanguage\":\"en-US\"},{\"@type\":\"Organization\",\"@id\":\"https:\/\/nb-design.at\/#organization\",\"name\":\"NB-Design Neuwirth - Bahnasy OG\",\"url\":\"https:\/\/nb-design.at\/\",\"logo\":{\"@type\":\"ImageObject\",\"inLanguage\":\"en-US\",\"@id\":\"https:\/\/nb-design.at\/#\/schema\/logo\/image\/\",\"url\":\"https:\/\/nb-design.at\/wp-content\/uploads\/2016\/10\/Zeichenfl\u00e4che-1@3x.png\",\"contentUrl\":\"https:\/\/nb-design.at\/wp-content\/uploads\/2016\/10\/Zeichenfl\u00e4che-1@3x.png\",\"width\":1442,\"height\":455,\"caption\":\"NB-Design Neuwirth - Bahnasy OG\"},\"image\":{\"@id\":\"https:\/\/nb-design.at\/#\/schema\/logo\/image\/\"}}]}<\/script>\n<!-- \/ Yoast SEO plugin. -->","yoast_head_json":{"title":"Frequently Asked Questions - NB Design \u2013 Neuwirth + Bahnasy OG","robots":{"index":"index","follow":"follow","max-snippet":"max-snippet:-1","max-image-preview":"max-image-preview:large","max-video-preview":"max-video-preview:-1"},"canonical":"https:\/\/nb-design.at\/haeufig-gestellte-fragen\/","og_locale":"en_US","og_type":"article","og_title":"Frequently Asked Questions - NB Design \u2013 Neuwirth + Bahnasy OG","og_description":"[vc_row css=&#8221;.vc_custom_1491438142038{padding-top: 150px !important;}&#8221;][vc_column css=&#8221;.vc_custom_1491387014754{padding-top: 20px !important;padding-bottom: 20px !important;}&#8221;][\/vc_column][\/vc_row][vc_row css=&#8221;.vc_custom_1491386803399{padding-top: 10px !important;}&#8221;][vc_column width=&#8221;1\/2&#8243; offset=&#8221;vc_col-lg-4 vc_col-md-6 vc_col-xs-12&#8243;][vc_empty_space height=&#8221;30px&#8221;][\/vc_column][vc_column width=&#8221;1\/2&#8243; offset=&#8221;vc_col-lg-4 vc_col-md-6 vc_col-xs-12&#8243;][vc_empty_space height=&#8221;30px&#8221;][\/vc_column][vc_column width=&#8221;1\/2&#8243; offset=&#8221;vc_col-lg-4 vc_col-md-6 vc_col-xs-12&#8243;][vc_empty_space height=&#8221;30px&#8221;][\/vc_column][\/vc_row]","og_url":"https:\/\/nb-design.at\/haeufig-gestellte-fragen\/","og_site_name":"NB Design \u2013 Neuwirth + Bahnasy OG","article_modified_time":"2025-01-18T16:19:23+00:00","twitter_card":"summary_large_image","twitter_misc":{"Est. reading time":"3 minutes"},"schema":{"@context":"https:\/\/schema.org","@graph":[{"@type":"WebPage","@id":"https:\/\/nb-design.at\/haeufig-gestellte-fragen\/","url":"https:\/\/nb-design.at\/haeufig-gestellte-fragen\/","name":"Frequently Asked Questions - NB Design \u2013 Neuwirth + Bahnasy OG","isPartOf":{"@id":"https:\/\/nb-design.at\/#website"},"datePublished":"2016-10-22T18:12:03+00:00","dateModified":"2025-01-18T16:19:23+00:00","breadcrumb":{"@id":"https:\/\/nb-design.at\/haeufig-gestellte-fragen\/#breadcrumb"},"inLanguage":"en-US","potentialAction":[{"@type":"ReadAction","target":["https:\/\/nb-design.at\/haeufig-gestellte-fragen\/"]}]},{"@type":"BreadcrumbList","@id":"https:\/\/nb-design.at\/haeufig-gestellte-fragen\/#breadcrumb","itemListElement":[{"@type":"ListItem","position":1,"name":"Startseite","item":"https:\/\/nb-design.at\/"},{"@type":"ListItem","position":2,"name":"H\u00e4ufig gestellte Fragen"}]},{"@type":"WebSite","@id":"https:\/\/nb-design.at\/#website","url":"https:\/\/nb-design.at\/","name":"NB Design \u2013 Neuwirth + Bahnasy OG","description":"Umrandungen f\u00fcr Ihren Gastgarten","publisher":{"@id":"https:\/\/nb-design.at\/#organization"},"potentialAction":[{"@type":"SearchAction","target":{"@type":"EntryPoint","urlTemplate":"https:\/\/nb-design.at\/?s={search_term_string}"},"query-input":{"@type":"PropertyValueSpecification","valueRequired":true,"valueName":"search_term_string"}}],"inLanguage":"en-US"},{"@type":"Organization","@id":"https:\/\/nb-design.at\/#organization","name":"NB-Design Neuwirth - Bahnasy OG","url":"https:\/\/nb-design.at\/","logo":{"@type":"ImageObject","inLanguage":"en-US","@id":"https:\/\/nb-design.at\/#\/schema\/logo\/image\/","url":"https:\/\/nb-design.at\/wp-content\/uploads\/2016\/10\/Zeichenfl\u00e4che-1@3x.png","contentUrl":"https:\/\/nb-design.at\/wp-content\/uploads\/2016\/10\/Zeichenfl\u00e4che-1@3x.png","width":1442,"height":455,"caption":"NB-Design Neuwirth - Bahnasy OG"},"image":{"@id":"https:\/\/nb-design.at\/#\/schema\/logo\/image\/"}}]}},"_links":{"self":[{"href":"https:\/\/nb-design.at\/en\/wp-json\/wp\/v2\/pages\/235","targetHints":{"allow":["GET"]}}],"collection":[{"href":"https:\/\/nb-design.at\/en\/wp-json\/wp\/v2\/pages"}],"about":[{"href":"https:\/\/nb-design.at\/en\/wp-json\/wp\/v2\/types\/page"}],"author":[{"embeddable":true,"href":"https:\/\/nb-design.at\/en\/wp-json\/wp\/v2\/users\/5"}],"replies":[{"embeddable":true,"href":"https:\/\/nb-design.at\/en\/wp-json\/wp\/v2\/comments?post=235"}],"version-history":[{"count":2,"href":"https:\/\/nb-design.at\/en\/wp-json\/wp\/v2\/pages\/235\/revisions"}],"predecessor-version":[{"id":1886,"href":"https:\/\/nb-design.at\/en\/wp-json\/wp\/v2\/pages\/235\/revisions\/1886"}],"wp:attachment":[{"href":"https:\/\/nb-design.at\/en\/wp-json\/wp\/v2\/media?parent=235"}],"curies":[{"name":"wp","href":"https:\/\/api.w.org\/{rel}","templated":true}]}}