{"id":229,"date":"2015-07-27T03:29:01","date_gmt":"2015-07-27T03:29:01","guid":{"rendered":"http:\/\/demo.vegatheme.com\/archilight\/?page_id=229"},"modified":"2025-01-20T15:59:03","modified_gmt":"2025-01-20T14:59:03","slug":"about","status":"publish","type":"page","link":"https:\/\/nb-design.at\/en\/about\/","title":{"rendered":"About us"},"content":{"rendered":"<section class=\"wpb-content-wrapper\">\n[vc_row fullwidth=&#8221;yes&#8221; css=&#8221;.vc_custom_1491438100692{padding-top: 150px !important;background-position: 0 0 !important;background-repeat: no-repeat !important;}&#8221; el_class=&#8221;side-bg no-padding&#8221;][vc_column]\t<!-- Element: OT Quick Office -->\n\t<div class=\"side-bg\">\n\n\t\t<div class=\"image-container hidden-xs pull-left col-md-6\" style=\"background-image:url(https:\/\/nb-design.at\/wp-content\/uploads\/2015\/07\/iStock_000004470299Small.jpg); ?>\" data-delay=\"0\"><\/div>\n\n\t\t<!-- Added this code in 26\/03\/2019 -->\n\t\t<img decoding=\"async\" class=\"visible-xs img-responsive\" src=\"https:\/\/nb-design.at\/wp-content\/uploads\/2015\/07\/iStock_000004470299Small.jpg\" \/>\n\n        <div class=\"container\">\n            <div class=\"row\">\n                <div class=\"inner-padding\">\n                    <div class=\"col-md-5 col-md-offset-7 wow fadeInRight\" data-wow-delay=\".2s\">\n                        <h2>\u00dcber uns<\/h2><br\/>\n                        Die Idee zur Gestaltung hochwertiger Gastgartenumrandungen aus Glas und Metall entstand vor nun fast 18 Jahren. Der Trend war zu dieser Zeit bereits geboren, doch nur an wenigen Orten auch umgesetzt.<\/p>\n<p>Seither haben wir viel Erfahrung gesammelt, die Vorstellungen unserer Kunden mit unseren Ideen verkn\u00fcpft und unsere Materialpallette erweitert. Wir k\u00f6nnen auf eine gro\u00dfe Zahl erfolgreich abgeschlossener Projekte verweisen.<\/p>\n<p>Wir nennen uns daher \u201eDen Spezialisten f\u00fcr Entwurf, Planung, Herstellung, Lieferung und Montage Ihrer Gastgartenumrandung\u201c.<\/p>\n<p>Zu unserem Kundenkreis z\u00e4hlen Luxushotels ebenso wie Fast Food Lokale. Die W\u00fcnsche unserer Kunden sind uns wichtig.<\/p>\n<p>Wir finden f\u00fcr Sie die entsprechende L\u00f6sung.                    <\/div>\n                    <div class=\"clearfix\"><\/div>\n                <\/div>\n            <\/div>\n        <\/div>\n\t<\/div>\n\n[\/vc_column][\/vc_row][vc_row fullwidth=&#8221;yes&#8221; css=&#8221;.vc_custom_1442204580531{padding-top: 60px !important;padding-bottom: 60px !important;}&#8221; el_class=&#8221;call-to-action bg-color text-center&#8221;][vc_column]\t\t\t\n\t<!-- Element: OT Button --> \n\t\t\t<a href=\"mailto:gastgarten@nb-design.at\" target=\"_self\" class=\"btn btn-line-black btn-big  \">Fragen Sie uns<\/a>\n\t    \n[\/vc_column][\/vc_row][vc_row css=&#8221;.vc_custom_1438749369192{padding-top: 90px !important;padding-bottom: 90px !important;background-color: #f5f5f5 !important;}&#8221;][vc_column animate=&#8221;fadeinup&#8221;]\n\t<!-- Element: OT Heading --> \t \n\t<h2 class=\"ot_custom_heading  \" style=\"text-align: center;\" >Das sind wir:<\/h2>\t\n[\/vc_column][vc_column width=&#8221;1\/6&#8243;]\n\t<!-- Element: OT Our Team --> \t \n    <!-- team member -->\n    <div class=\"de-team-list team-box wow fadeInUp\">\n    \t\t        <div class=\"team-pic\">\n\t        \t<img loading=\"lazy\" decoding=\"async\" width=\"767\" height=\"1024\" src=\"https:\/\/nb-design.at\/wp-content\/uploads\/2015\/07\/IMG_9254-1-e1479469986124-767x1024.jpg\" class=\"img-responsive\" alt=\"\" srcset=\"https:\/\/nb-design.at\/wp-content\/uploads\/2015\/07\/IMG_9254-1-e1479469986124-767x1024.jpg 767w, https:\/\/nb-design.at\/wp-content\/uploads\/2015\/07\/IMG_9254-1-e1479469986124-225x300.jpg 225w, https:\/\/nb-design.at\/wp-content\/uploads\/2015\/07\/IMG_9254-1-e1479469986124-768x1026.jpg 768w, https:\/\/nb-design.at\/wp-content\/uploads\/2015\/07\/IMG_9254-1-e1479469986124.jpg 1048w\" sizes=\"auto, (max-width: 767px) 100vw, 767px\" title=\"img_9254-1\" \/>          \n\t        <\/div>\n                <div class=\"team-desc\">\n            <h3>Ing. Rudolf Neuwirth<\/h3>\n            <p class=\"lead\">Beratung, Planung, Technik, Verkauf<\/p>            <div class=\"small-border\"><\/div>\n            <p>office@nb-design.at<\/p>            <div class=\"social\">\n                                                                            <\/div>\n        <\/div>\n    <\/div>\n    <!-- team close -->\n\n[\/vc_column][vc_column width=&#8221;1\/6&#8243;]\n\t<!-- Element: OT Our Team --> \t \n    <!-- team member -->\n    <div class=\"de-team-list team-box wow fadeInUp\">\n    \t\t        <div class=\"team-pic\">\n\t        \t<img loading=\"lazy\" decoding=\"async\" width=\"768\" height=\"1024\" src=\"https:\/\/nb-design.at\/wp-content\/uploads\/2015\/07\/Bild-Ina-1-e1479469884709-768x1024.jpg\" class=\"img-responsive\" alt=\"\" srcset=\"https:\/\/nb-design.at\/wp-content\/uploads\/2015\/07\/Bild-Ina-1-e1479469884709-768x1024.jpg 768w, https:\/\/nb-design.at\/wp-content\/uploads\/2015\/07\/Bild-Ina-1-e1479469884709-225x300.jpg 225w, https:\/\/nb-design.at\/wp-content\/uploads\/2015\/07\/Bild-Ina-1-e1479469884709.jpg 1009w\" sizes=\"auto, (max-width: 768px) 100vw, 768px\" title=\"bild-ina\" \/>          \n\t        <\/div>\n                <div class=\"team-desc\">\n            <h3>Ina Bahnasy<\/h3>\n            <p class=\"lead\">Controlling, Rechnungswesen<\/p>            <div class=\"small-border\"><\/div>\n            <p>office@nb-design.at<\/p>            <div class=\"social\">\n                                                                            <\/div>\n        <\/div>\n    <\/div>\n    <!-- team close -->\n\n[\/vc_column][vc_column width=&#8221;1\/6&#8243;]\n\t<!-- Element: OT Our Team --> \t \n    <!-- team member -->\n    <div class=\"de-team-list team-box wow fadeInUp\">\n    \t\t        <div class=\"team-pic\">\n\t        \t<img loading=\"lazy\" decoding=\"async\" width=\"477\" height=\"638\" src=\"https:\/\/nb-design.at\/wp-content\/uploads\/2015\/07\/1900000_10203224307117616_4608607878154635201_n-e1480179897260.jpg\" class=\"img-responsive\" alt=\"\" srcset=\"https:\/\/nb-design.at\/wp-content\/uploads\/2015\/07\/1900000_10203224307117616_4608607878154635201_n-e1480179897260.jpg 477w, https:\/\/nb-design.at\/wp-content\/uploads\/2015\/07\/1900000_10203224307117616_4608607878154635201_n-e1480179897260-224x300.jpg 224w\" sizes=\"auto, (max-width: 477px) 100vw, 477px\" title=\"1900000_10203224307117616_4608607878154635201_n\" \/>          \n\t        <\/div>\n                <div class=\"team-desc\">\n            <h3>Dominique Bahnasy<\/h3>\n            <p class=\"lead\">Sekretariat<\/p>            <div class=\"small-border\"><\/div>\n            <p>office@nb-design.at<\/p>            <div class=\"social\">\n                                                                            <\/div>\n        <\/div>\n    <\/div>\n    <!-- team close -->\n\n[\/vc_column][vc_column width=&#8221;1\/6&#8243;]\n\t<!-- Element: OT Our Team --> \t \n    <!-- team member -->\n    <div class=\"de-team-list team-box wow fadeInUp\">\n    \t\t        <div class=\"team-pic\">\n\t        \t<img loading=\"lazy\" decoding=\"async\" width=\"1024\" height=\"577\" src=\"https:\/\/nb-design.at\/wp-content\/uploads\/2015\/07\/P1050777-1024x577.jpeg\" class=\"img-responsive\" alt=\"\" srcset=\"https:\/\/nb-design.at\/wp-content\/uploads\/2015\/07\/P1050777-1024x577.jpeg 1024w, https:\/\/nb-design.at\/wp-content\/uploads\/2015\/07\/P1050777-768x433.jpeg 768w\" sizes=\"auto, (max-width: 1024px) 100vw, 1024px\" title=\"p1050777\" \/>          \n\t        <\/div>\n                <div class=\"team-desc\">\n            <h3>Rudolf Neuwirth<\/h3>\n            <p class=\"lead\">Montage, Lieferung<\/p>            <div class=\"small-border\"><\/div>\n            <p>office@nb-design.at<\/p>            <div class=\"social\">\n                                                                            <\/div>\n        <\/div>\n    <\/div>\n    <!-- team close -->\n\n[\/vc_column][vc_column width=&#8221;1\/6&#8243;][\/vc_column][\/vc_row][vc_row css=&#8221;.vc_custom_1479389636632{margin-top: 20px !important;margin-bottom: 10px !important;border-top-width: 1px !important;border-bottom-width: 1px !important;padding-top: 10px !important;padding-bottom: 10px !important;}&#8221;][vc_column css=&#8221;.vc_custom_1479389644778{margin-top: 0px !important;margin-bottom: 20px !important;}&#8221;][vc_raw_html css=&#8221;.vc_custom_1479389664424{margin-top: 0px !important;margin-bottom: 0px !important;border-top-width: 0px !important;border-bottom-width: 0px !important;padding-top: -20px !important;padding-bottom: 0px !important;}&#8221;]JTNDaDIlMjBpZCUzRCUyMjMlMjIlM0UlM0MlMkZoMiUzRQ==[\/vc_raw_html]\n\t<!-- Element: OT Heading --> \t \n\t<h1 class=\"ot_custom_heading  \" style=\"text-align: center;\" >Unsere Referenzen<\/h1>\t\n\t<!-- Element: OT Line solid --> \t \n\t<div class=\" separator \"><span><i class=\"fa fa-circle\"><\/i><\/span><\/div>\n\t<div class=\"spacer-single\"><\/div>\t      \n\n\t<!-- Element: OT Clients Logo -->\n    <div class=\"logo-carousel\">\n        <ul class=\"owl-carousel client__slides\" data-visible=\"6\">\n            \t            <li>\n\t\t\t\t\t\t\t\t\t\t\t<img decoding=\"async\" src=\"https:\/\/nb-design.at\/wp-content\/uploads\/2023\/01\/image.png\" alt=\"\" title=\"image\" >\n\t\t\t\t\t    \n\t            <\/li>\n            \t            <li>\n\t\t\t\t\t\t\t\t\t\t\t<img decoding=\"async\" src=\"https:\/\/nb-design.at\/wp-content\/uploads\/2015\/07\/admiral.png\" alt=\"\" title=\"admiral\" >\n\t\t\t\t\t    \n\t            <\/li>\n            \t            <li>\n\t\t\t\t\t\t\t\t\t\t\t<img decoding=\"async\" src=\"https:\/\/nb-design.at\/wp-content\/uploads\/2015\/07\/aida-1.png\" alt=\"\" title=\"aida\" >\n\t\t\t\t\t    \n\t            <\/li>\n            \t            <li>\n\t\t\t\t\t\t\t\t\t\t\t<img decoding=\"async\" src=\"https:\/\/nb-design.at\/wp-content\/uploads\/2015\/07\/casino.png\" alt=\"\" title=\"casino\" >\n\t\t\t\t\t    \n\t            <\/li>\n            \t            <li>\n\t\t\t\t\t\t\t\t\t\t\t<img decoding=\"async\" src=\"https:\/\/nb-design.at\/wp-content\/uploads\/2015\/07\/meinl.png\" alt=\"\" title=\"meinl\" >\n\t\t\t\t\t    \n\t            <\/li>\n            \t            <li>\n\t\t\t\t\t\t\t\t\t\t\t<img decoding=\"async\" src=\"https:\/\/nb-design.at\/wp-content\/uploads\/2015\/07\/nespresso.png\" alt=\"\" title=\"nespresso\" >\n\t\t\t\t\t    \n\t            <\/li>\n            \t            <li>\n\t\t\t\t\t\t\t\t\t\t\t<img decoding=\"async\" src=\"https:\/\/nb-design.at\/wp-content\/uploads\/2015\/07\/nordsee.png\" alt=\"\" title=\"nordsee\" >\n\t\t\t\t\t    \n\t            <\/li>\n            \t            <li>\n\t\t\t\t\t\t\t\t\t\t\t<img decoding=\"async\" src=\"https:\/\/nb-design.at\/wp-content\/uploads\/2015\/07\/Radison.png\" alt=\"\" title=\"radison\" >\n\t\t\t\t\t    \n\t            <\/li>\n            \t            <li>\n\t\t\t\t\t\t\t\t\t\t\t<img decoding=\"async\" src=\"https:\/\/nb-design.at\/wp-content\/uploads\/2015\/07\/sacher-1.png\" alt=\"\" title=\"sacher\" >\n\t\t\t\t\t    \n\t            <\/li>\n            \t            <li>\n\t\t\t\t\t\t\t\t\t\t\t<img decoding=\"async\" src=\"https:\/\/nb-design.at\/wp-content\/uploads\/2015\/07\/segafredo.png\" alt=\"\" title=\"segafredo\" >\n\t\t\t\t\t    \n\t            <\/li>\n            \t            <li>\n\t\t\t\t\t\t\t\t\t\t\t<img decoding=\"async\" src=\"https:\/\/nb-design.at\/wp-content\/uploads\/2015\/07\/tgi.png\" alt=\"\" title=\"tgi\" >\n\t\t\t\t\t    \n\t            <\/li>\n            \t            <li>\n\t\t\t\t\t\t\t\t\t\t\t<img decoding=\"async\" src=\"https:\/\/nb-design.at\/wp-content\/uploads\/2015\/07\/vapiano.png\" alt=\"\" title=\"vapiano\" >\n\t\t\t\t\t    \n\t            <\/li>\n                    <\/ul>\n    <\/div>\n\n[\/vc_column][\/vc_row]\n\n<\/section>","protected":false},"excerpt":{"rendered":"<p>[vc_row fullwidth=&#8221;yes&#8221; css=&#8221;.vc_custom_1491438100692{padding-top: 150px !important;background-position: 0 0 !important;background-repeat: no-repeat !important;}&#8221; el_class=&#8221;side-bg no-padding&#8221;][vc_column][\/vc_column][\/vc_row][vc_row fullwidth=&#8221;yes&#8221; css=&#8221;.vc_custom_1442204580531{padding-top: 60px !important;padding-bottom: 60px !important;}&#8221; el_class=&#8221;call-to-action bg-color text-center&#8221;][vc_column][\/vc_column][\/vc_row][vc_row css=&#8221;.vc_custom_1438749369192{padding-top: 90px !important;padding-bottom: 90px !important;background-color: #f5f5f5 !important;}&#8221;][vc_column animate=&#8221;fadeinup&#8221;][\/vc_column][vc_column width=&#8221;1\/6&#8243;][\/vc_column][vc_column width=&#8221;1\/6&#8243;][\/vc_column][vc_column width=&#8221;1\/6&#8243;][\/vc_column][vc_column width=&#8221;1\/6&#8243;][\/vc_column][vc_column width=&#8221;1\/6&#8243;][\/vc_column][\/vc_row][vc_row css=&#8221;.vc_custom_1479389636632{margin-top: 20px !important;margin-bottom: 10px !important;border-top-width: 1px !important;border-bottom-width: 1px !important;padding-top: 10px !important;padding-bottom: 10px !important;}&#8221;][vc_column css=&#8221;.vc_custom_1479389644778{margin-top: 0px !important;margin-bottom: 20px !important;}&#8221;][vc_raw_html css=&#8221;.vc_custom_1479389664424{margin-top: 0px !important;margin-bottom: [&hellip;]<\/p>\n","protected":false},"author":5,"featured_media":0,"parent":0,"menu_order":0,"comment_status":"closed","ping_status":"closed","template":"page-templates\/template-canvas.php","meta":{"inline_featured_image":false,"footnotes":""},"class_list":["post-229","page","type-page","status-publish","hentry"],"yoast_head":"<!-- This site is optimized with the Yoast SEO plugin v25.5 - https:\/\/yoast.com\/wordpress\/plugins\/seo\/ -->\n<title>About us - NB Design \u2013 Neuwirth + Bahnasy OG<\/title>\n<meta name=\"robots\" content=\"index, follow, max-snippet:-1, max-image-preview:large, max-video-preview:-1\" \/>\n<link rel=\"canonical\" href=\"https:\/\/nb-design.at\/about\/\" \/>\n<meta property=\"og:locale\" content=\"en_US\" \/>\n<meta property=\"og:type\" content=\"article\" \/>\n<meta property=\"og:title\" content=\"About us - NB Design \u2013 Neuwirth + Bahnasy OG\" \/>\n<meta property=\"og:description\" content=\"[vc_row fullwidth=&#8221;yes&#8221; css=&#8221;.vc_custom_1491438100692{padding-top: 150px !important;background-position: 0 0 !important;background-repeat: no-repeat !important;}&#8221; el_class=&#8221;side-bg no-padding&#8221;][vc_column][\/vc_column][\/vc_row][vc_row fullwidth=&#8221;yes&#8221; css=&#8221;.vc_custom_1442204580531{padding-top: 60px !important;padding-bottom: 60px !important;}&#8221; el_class=&#8221;call-to-action bg-color text-center&#8221;][vc_column][\/vc_column][\/vc_row][vc_row css=&#8221;.vc_custom_1438749369192{padding-top: 90px !important;padding-bottom: 90px !important;background-color: #f5f5f5 !important;}&#8221;][vc_column animate=&#8221;fadeinup&#8221;][\/vc_column][vc_column width=&#8221;1\/6&#8243;][\/vc_column][vc_column width=&#8221;1\/6&#8243;][\/vc_column][vc_column width=&#8221;1\/6&#8243;][\/vc_column][vc_column width=&#8221;1\/6&#8243;][\/vc_column][vc_column width=&#8221;1\/6&#8243;][\/vc_column][\/vc_row][vc_row css=&#8221;.vc_custom_1479389636632{margin-top: 20px !important;margin-bottom: 10px !important;border-top-width: 1px !important;border-bottom-width: 1px !important;padding-top: 10px !important;padding-bottom: 10px !important;}&#8221;][vc_column css=&#8221;.vc_custom_1479389644778{margin-top: 0px !important;margin-bottom: 20px !important;}&#8221;][vc_raw_html css=&#8221;.vc_custom_1479389664424{margin-top: 0px !important;margin-bottom: [&hellip;]\" \/>\n<meta property=\"og:url\" content=\"https:\/\/nb-design.at\/about\/\" \/>\n<meta property=\"og:site_name\" content=\"NB Design \u2013 Neuwirth + Bahnasy OG\" \/>\n<meta property=\"article:modified_time\" content=\"2025-01-20T14:59:03+00:00\" \/>\n<meta name=\"twitter:card\" content=\"summary_large_image\" \/>\n<meta name=\"twitter:label1\" content=\"Est. reading time\" \/>\n\t<meta name=\"twitter:data1\" content=\"2 minutes\" \/>\n<script type=\"application\/ld+json\" class=\"yoast-schema-graph\">{\"@context\":\"https:\/\/schema.org\",\"@graph\":[{\"@type\":\"WebPage\",\"@id\":\"https:\/\/nb-design.at\/about\/\",\"url\":\"https:\/\/nb-design.at\/about\/\",\"name\":\"About us - NB Design \u2013 Neuwirth + Bahnasy OG\",\"isPartOf\":{\"@id\":\"https:\/\/nb-design.at\/#website\"},\"datePublished\":\"2015-07-27T03:29:01+00:00\",\"dateModified\":\"2025-01-20T14:59:03+00:00\",\"breadcrumb\":{\"@id\":\"https:\/\/nb-design.at\/about\/#breadcrumb\"},\"inLanguage\":\"en-US\",\"potentialAction\":[{\"@type\":\"ReadAction\",\"target\":[\"https:\/\/nb-design.at\/about\/\"]}]},{\"@type\":\"BreadcrumbList\",\"@id\":\"https:\/\/nb-design.at\/about\/#breadcrumb\",\"itemListElement\":[{\"@type\":\"ListItem\",\"position\":1,\"name\":\"Startseite\",\"item\":\"https:\/\/nb-design.at\/\"},{\"@type\":\"ListItem\",\"position\":2,\"name\":\"\u00dcber Uns\"}]},{\"@type\":\"WebSite\",\"@id\":\"https:\/\/nb-design.at\/#website\",\"url\":\"https:\/\/nb-design.at\/\",\"name\":\"NB Design \u2013 Neuwirth + Bahnasy OG\",\"description\":\"Umrandungen f\u00fcr Ihren Gastgarten\",\"publisher\":{\"@id\":\"https:\/\/nb-design.at\/#organization\"},\"potentialAction\":[{\"@type\":\"SearchAction\",\"target\":{\"@type\":\"EntryPoint\",\"urlTemplate\":\"https:\/\/nb-design.at\/?s={search_term_string}\"},\"query-input\":{\"@type\":\"PropertyValueSpecification\",\"valueRequired\":true,\"valueName\":\"search_term_string\"}}],\"inLanguage\":\"en-US\"},{\"@type\":\"Organization\",\"@id\":\"https:\/\/nb-design.at\/#organization\",\"name\":\"NB-Design Neuwirth - Bahnasy OG\",\"url\":\"https:\/\/nb-design.at\/\",\"logo\":{\"@type\":\"ImageObject\",\"inLanguage\":\"en-US\",\"@id\":\"https:\/\/nb-design.at\/#\/schema\/logo\/image\/\",\"url\":\"https:\/\/nb-design.at\/wp-content\/uploads\/2016\/10\/Zeichenfl\u00e4che-1@3x.png\",\"contentUrl\":\"https:\/\/nb-design.at\/wp-content\/uploads\/2016\/10\/Zeichenfl\u00e4che-1@3x.png\",\"width\":1442,\"height\":455,\"caption\":\"NB-Design Neuwirth - Bahnasy OG\"},\"image\":{\"@id\":\"https:\/\/nb-design.at\/#\/schema\/logo\/image\/\"}}]}<\/script>\n<!-- \/ Yoast SEO plugin. -->","yoast_head_json":{"title":"About us - NB Design \u2013 Neuwirth + Bahnasy OG","robots":{"index":"index","follow":"follow","max-snippet":"max-snippet:-1","max-image-preview":"max-image-preview:large","max-video-preview":"max-video-preview:-1"},"canonical":"https:\/\/nb-design.at\/about\/","og_locale":"en_US","og_type":"article","og_title":"About us - NB Design \u2013 Neuwirth + Bahnasy OG","og_description":"[vc_row fullwidth=&#8221;yes&#8221; css=&#8221;.vc_custom_1491438100692{padding-top: 150px !important;background-position: 0 0 !important;background-repeat: no-repeat !important;}&#8221; el_class=&#8221;side-bg no-padding&#8221;][vc_column][\/vc_column][\/vc_row][vc_row fullwidth=&#8221;yes&#8221; css=&#8221;.vc_custom_1442204580531{padding-top: 60px !important;padding-bottom: 60px !important;}&#8221; el_class=&#8221;call-to-action bg-color text-center&#8221;][vc_column][\/vc_column][\/vc_row][vc_row css=&#8221;.vc_custom_1438749369192{padding-top: 90px !important;padding-bottom: 90px !important;background-color: #f5f5f5 !important;}&#8221;][vc_column animate=&#8221;fadeinup&#8221;][\/vc_column][vc_column width=&#8221;1\/6&#8243;][\/vc_column][vc_column width=&#8221;1\/6&#8243;][\/vc_column][vc_column width=&#8221;1\/6&#8243;][\/vc_column][vc_column width=&#8221;1\/6&#8243;][\/vc_column][vc_column width=&#8221;1\/6&#8243;][\/vc_column][\/vc_row][vc_row css=&#8221;.vc_custom_1479389636632{margin-top: 20px !important;margin-bottom: 10px !important;border-top-width: 1px !important;border-bottom-width: 1px !important;padding-top: 10px !important;padding-bottom: 10px !important;}&#8221;][vc_column css=&#8221;.vc_custom_1479389644778{margin-top: 0px !important;margin-bottom: 20px !important;}&#8221;][vc_raw_html css=&#8221;.vc_custom_1479389664424{margin-top: 0px !important;margin-bottom: [&hellip;]","og_url":"https:\/\/nb-design.at\/about\/","og_site_name":"NB Design \u2013 Neuwirth + Bahnasy OG","article_modified_time":"2025-01-20T14:59:03+00:00","twitter_card":"summary_large_image","twitter_misc":{"Est. reading time":"2 minutes"},"schema":{"@context":"https:\/\/schema.org","@graph":[{"@type":"WebPage","@id":"https:\/\/nb-design.at\/about\/","url":"https:\/\/nb-design.at\/about\/","name":"About us - NB Design \u2013 Neuwirth + Bahnasy OG","isPartOf":{"@id":"https:\/\/nb-design.at\/#website"},"datePublished":"2015-07-27T03:29:01+00:00","dateModified":"2025-01-20T14:59:03+00:00","breadcrumb":{"@id":"https:\/\/nb-design.at\/about\/#breadcrumb"},"inLanguage":"en-US","potentialAction":[{"@type":"ReadAction","target":["https:\/\/nb-design.at\/about\/"]}]},{"@type":"BreadcrumbList","@id":"https:\/\/nb-design.at\/about\/#breadcrumb","itemListElement":[{"@type":"ListItem","position":1,"name":"Startseite","item":"https:\/\/nb-design.at\/"},{"@type":"ListItem","position":2,"name":"\u00dcber Uns"}]},{"@type":"WebSite","@id":"https:\/\/nb-design.at\/#website","url":"https:\/\/nb-design.at\/","name":"NB Design \u2013 Neuwirth + Bahnasy OG","description":"Umrandungen f\u00fcr Ihren Gastgarten","publisher":{"@id":"https:\/\/nb-design.at\/#organization"},"potentialAction":[{"@type":"SearchAction","target":{"@type":"EntryPoint","urlTemplate":"https:\/\/nb-design.at\/?s={search_term_string}"},"query-input":{"@type":"PropertyValueSpecification","valueRequired":true,"valueName":"search_term_string"}}],"inLanguage":"en-US"},{"@type":"Organization","@id":"https:\/\/nb-design.at\/#organization","name":"NB-Design Neuwirth - Bahnasy OG","url":"https:\/\/nb-design.at\/","logo":{"@type":"ImageObject","inLanguage":"en-US","@id":"https:\/\/nb-design.at\/#\/schema\/logo\/image\/","url":"https:\/\/nb-design.at\/wp-content\/uploads\/2016\/10\/Zeichenfl\u00e4che-1@3x.png","contentUrl":"https:\/\/nb-design.at\/wp-content\/uploads\/2016\/10\/Zeichenfl\u00e4che-1@3x.png","width":1442,"height":455,"caption":"NB-Design Neuwirth - Bahnasy OG"},"image":{"@id":"https:\/\/nb-design.at\/#\/schema\/logo\/image\/"}}]}},"_links":{"self":[{"href":"https:\/\/nb-design.at\/en\/wp-json\/wp\/v2\/pages\/229","targetHints":{"allow":["GET"]}}],"collection":[{"href":"https:\/\/nb-design.at\/en\/wp-json\/wp\/v2\/pages"}],"about":[{"href":"https:\/\/nb-design.at\/en\/wp-json\/wp\/v2\/types\/page"}],"author":[{"embeddable":true,"href":"https:\/\/nb-design.at\/en\/wp-json\/wp\/v2\/users\/5"}],"replies":[{"embeddable":true,"href":"https:\/\/nb-design.at\/en\/wp-json\/wp\/v2\/comments?post=229"}],"version-history":[{"count":3,"href":"https:\/\/nb-design.at\/en\/wp-json\/wp\/v2\/pages\/229\/revisions"}],"predecessor-version":[{"id":1887,"href":"https:\/\/nb-design.at\/en\/wp-json\/wp\/v2\/pages\/229\/revisions\/1887"}],"wp:attachment":[{"href":"https:\/\/nb-design.at\/en\/wp-json\/wp\/v2\/media?parent=229"}],"curies":[{"name":"wp","href":"https:\/\/api.w.org\/{rel}","templated":true}]}}